{"id":593,"date":"2024-07-23T14:14:13","date_gmt":"2024-07-23T12:14:13","guid":{"rendered":"https:\/\/fischer-weine.dev7\/cms\/?page_id=593"},"modified":"2026-04-07T16:47:16","modified_gmt":"2026-04-07T14:47:16","slug":"weinladen","status":"publish","type":"page","link":"https:\/\/www.fischer-weine.ch\/cms\/weinladen\/","title":{"rendered":"Weinladen"},"content":{"rendered":"","protected":false},"excerpt":{"rendered":"","protected":false},"author":1,"featured_media":2125,"parent":0,"menu_order":0,"comment_status":"closed","ping_status":"closed","template":"","meta":{"_acf_changed":false,"inline_featured_image":false,"footnotes":""},"class_list":["post-593","page","type-page","status-publish","has-post-thumbnail","hentry"],"acf":[],"yoast_head":"<!-- This site is optimized with the Yoast SEO plugin v27.5 - https:\/\/yoast.com\/product\/yoast-seo-wordpress\/ -->\n<title>Weinladen - Fischer Weine Sursee<\/title>\n<meta name=\"description\" content=\"Weinladen - Fischers WEINLADEN ist ein Ort f\u00fcr Genuss und Entdeckungen. Wir bieten ein vielseitiges Angebot an Weinen und Spirituosen, kompetente Beratung auf Augenh\u00f6he und Degustationen in historischen R\u00e4umlichkeiten: Alles an zentraler Lage am Bahnhof Sursee\" \/>\n<meta name=\"robots\" content=\"index, follow, max-snippet:-1, max-image-preview:large, max-video-preview:-1\" \/>\n<link rel=\"canonical\" href=\"https:\/\/www.fischer-weine.ch\/cms\/weinladen\/\" \/>\n<meta property=\"og:locale\" content=\"de_DE\" \/>\n<meta property=\"og:type\" content=\"article\" \/>\n<meta property=\"og:title\" content=\"Weinladen - Fischer Weine Sursee\" \/>\n<meta property=\"og:description\" content=\"Weinladen - Fischers WEINLADEN ist ein Ort f\u00fcr Genuss und Entdeckungen. Wir bieten ein vielseitiges Angebot an Weinen und Spirituosen, kompetente Beratung auf Augenh\u00f6he und Degustationen in historischen R\u00e4umlichkeiten: Alles an zentraler Lage am Bahnhof Sursee\" \/>\n<meta property=\"og:url\" content=\"https:\/\/www.fischer-weine.ch\/cms\/weinladen\/\" \/>\n<meta property=\"og:site_name\" content=\"Fischer Weine\" \/>\n<meta property=\"article:modified_time\" content=\"2026-04-07T14:47:16+00:00\" \/>\n<meta property=\"og:image\" content=\"https:\/\/www.fischer-weine.ch\/cms\/wp-content\/uploads\/2024\/10\/fischer-weine-weinladen-quer.jpg\" \/>\n\t<meta property=\"og:image:width\" content=\"787\" \/>\n\t<meta property=\"og:image:height\" content=\"590\" \/>\n\t<meta property=\"og:image:type\" content=\"image\/jpeg\" \/>\n<meta name=\"twitter:card\" content=\"summary_large_image\" \/>\n<meta name=\"twitter:label1\" content=\"Gesch\u00e4tzte Lesezeit\" \/>\n\t<meta name=\"twitter:data1\" content=\"5\u00a0Minuten\" \/>\n<script type=\"application\/ld+json\" class=\"yoast-schema-graph\">{\"@context\":\"https:\\\/\\\/schema.org\",\"@graph\":[{\"@type\":\"WebPage\",\"@id\":\"https:\\\/\\\/www.fischer-weine.ch\\\/cms\\\/weinladen\\\/\",\"url\":\"https:\\\/\\\/www.fischer-weine.ch\\\/cms\\\/weinladen\\\/\",\"name\":\"Weinladen - Fischer Weine Sursee\",\"isPartOf\":{\"@id\":\"https:\\\/\\\/www.fischer-weine.ch\\\/cms\\\/#website\"},\"primaryImageOfPage\":{\"@id\":\"https:\\\/\\\/www.fischer-weine.ch\\\/cms\\\/weinladen\\\/#primaryimage\"},\"image\":{\"@id\":\"https:\\\/\\\/www.fischer-weine.ch\\\/cms\\\/weinladen\\\/#primaryimage\"},\"thumbnailUrl\":\"https:\\\/\\\/www.fischer-weine.ch\\\/cms\\\/wp-content\\\/uploads\\\/2024\\\/10\\\/fischer-weine-weinladen-quer.jpg\",\"datePublished\":\"2024-07-23T12:14:13+00:00\",\"dateModified\":\"2026-04-07T14:47:16+00:00\",\"description\":\"Weinladen - Fischers WEINLADEN ist ein Ort f\u00fcr Genuss und Entdeckungen. Wir bieten ein vielseitiges Angebot an Weinen und Spirituosen, kompetente Beratung auf Augenh\u00f6he und Degustationen in historischen R\u00e4umlichkeiten: Alles an zentraler Lage am Bahnhof Sursee\",\"breadcrumb\":{\"@id\":\"https:\\\/\\\/www.fischer-weine.ch\\\/cms\\\/weinladen\\\/#breadcrumb\"},\"inLanguage\":\"de\",\"potentialAction\":[{\"@type\":\"ReadAction\",\"target\":[\"https:\\\/\\\/www.fischer-weine.ch\\\/cms\\\/weinladen\\\/\"]}]},{\"@type\":\"ImageObject\",\"inLanguage\":\"de\",\"@id\":\"https:\\\/\\\/www.fischer-weine.ch\\\/cms\\\/weinladen\\\/#primaryimage\",\"url\":\"https:\\\/\\\/www.fischer-weine.ch\\\/cms\\\/wp-content\\\/uploads\\\/2024\\\/10\\\/fischer-weine-weinladen-quer.jpg\",\"contentUrl\":\"https:\\\/\\\/www.fischer-weine.ch\\\/cms\\\/wp-content\\\/uploads\\\/2024\\\/10\\\/fischer-weine-weinladen-quer.jpg\",\"width\":787,\"height\":590},{\"@type\":\"BreadcrumbList\",\"@id\":\"https:\\\/\\\/www.fischer-weine.ch\\\/cms\\\/weinladen\\\/#breadcrumb\",\"itemListElement\":[{\"@type\":\"ListItem\",\"position\":1,\"name\":\"Home\",\"item\":\"https:\\\/\\\/www.fischer-weine.ch\\\/cms\\\/\"},{\"@type\":\"ListItem\",\"position\":2,\"name\":\"Weinladen\"}]},{\"@type\":\"WebSite\",\"@id\":\"https:\\\/\\\/www.fischer-weine.ch\\\/cms\\\/#website\",\"url\":\"https:\\\/\\\/www.fischer-weine.ch\\\/cms\\\/\",\"name\":\"Fischer Weine\",\"description\":\"\",\"potentialAction\":[{\"@type\":\"SearchAction\",\"target\":{\"@type\":\"EntryPoint\",\"urlTemplate\":\"https:\\\/\\\/www.fischer-weine.ch\\\/cms\\\/?s={search_term_string}\"},\"query-input\":{\"@type\":\"PropertyValueSpecification\",\"valueRequired\":true,\"valueName\":\"search_term_string\"}}],\"inLanguage\":\"de\"}]}<\/script>\n<!-- \/ Yoast SEO plugin. -->","yoast_head_json":{"title":"Weinladen - Fischer Weine Sursee","description":"Weinladen - Fischers WEINLADEN ist ein Ort f\u00fcr Genuss und Entdeckungen. Wir bieten ein vielseitiges Angebot an Weinen und Spirituosen, kompetente Beratung auf Augenh\u00f6he und Degustationen in historischen R\u00e4umlichkeiten: Alles an zentraler Lage am Bahnhof Sursee","robots":{"index":"index","follow":"follow","max-snippet":"max-snippet:-1","max-image-preview":"max-image-preview:large","max-video-preview":"max-video-preview:-1"},"canonical":"https:\/\/www.fischer-weine.ch\/cms\/weinladen\/","og_locale":"de_DE","og_type":"article","og_title":"Weinladen - Fischer Weine Sursee","og_description":"Weinladen - Fischers WEINLADEN ist ein Ort f\u00fcr Genuss und Entdeckungen. Wir bieten ein vielseitiges Angebot an Weinen und Spirituosen, kompetente Beratung auf Augenh\u00f6he und Degustationen in historischen R\u00e4umlichkeiten: Alles an zentraler Lage am Bahnhof Sursee","og_url":"https:\/\/www.fischer-weine.ch\/cms\/weinladen\/","og_site_name":"Fischer Weine","article_modified_time":"2026-04-07T14:47:16+00:00","og_image":[{"width":787,"height":590,"url":"https:\/\/www.fischer-weine.ch\/cms\/wp-content\/uploads\/2024\/10\/fischer-weine-weinladen-quer.jpg","type":"image\/jpeg"}],"twitter_card":"summary_large_image","twitter_misc":{"Gesch\u00e4tzte Lesezeit":"5\u00a0Minuten"},"schema":{"@context":"https:\/\/schema.org","@graph":[{"@type":"WebPage","@id":"https:\/\/www.fischer-weine.ch\/cms\/weinladen\/","url":"https:\/\/www.fischer-weine.ch\/cms\/weinladen\/","name":"Weinladen - Fischer Weine Sursee","isPartOf":{"@id":"https:\/\/www.fischer-weine.ch\/cms\/#website"},"primaryImageOfPage":{"@id":"https:\/\/www.fischer-weine.ch\/cms\/weinladen\/#primaryimage"},"image":{"@id":"https:\/\/www.fischer-weine.ch\/cms\/weinladen\/#primaryimage"},"thumbnailUrl":"https:\/\/www.fischer-weine.ch\/cms\/wp-content\/uploads\/2024\/10\/fischer-weine-weinladen-quer.jpg","datePublished":"2024-07-23T12:14:13+00:00","dateModified":"2026-04-07T14:47:16+00:00","description":"Weinladen - Fischers WEINLADEN ist ein Ort f\u00fcr Genuss und Entdeckungen. Wir bieten ein vielseitiges Angebot an Weinen und Spirituosen, kompetente Beratung auf Augenh\u00f6he und Degustationen in historischen R\u00e4umlichkeiten: Alles an zentraler Lage am Bahnhof Sursee","breadcrumb":{"@id":"https:\/\/www.fischer-weine.ch\/cms\/weinladen\/#breadcrumb"},"inLanguage":"de","potentialAction":[{"@type":"ReadAction","target":["https:\/\/www.fischer-weine.ch\/cms\/weinladen\/"]}]},{"@type":"ImageObject","inLanguage":"de","@id":"https:\/\/www.fischer-weine.ch\/cms\/weinladen\/#primaryimage","url":"https:\/\/www.fischer-weine.ch\/cms\/wp-content\/uploads\/2024\/10\/fischer-weine-weinladen-quer.jpg","contentUrl":"https:\/\/www.fischer-weine.ch\/cms\/wp-content\/uploads\/2024\/10\/fischer-weine-weinladen-quer.jpg","width":787,"height":590},{"@type":"BreadcrumbList","@id":"https:\/\/www.fischer-weine.ch\/cms\/weinladen\/#breadcrumb","itemListElement":[{"@type":"ListItem","position":1,"name":"Home","item":"https:\/\/www.fischer-weine.ch\/cms\/"},{"@type":"ListItem","position":2,"name":"Weinladen"}]},{"@type":"WebSite","@id":"https:\/\/www.fischer-weine.ch\/cms\/#website","url":"https:\/\/www.fischer-weine.ch\/cms\/","name":"Fischer Weine","description":"","potentialAction":[{"@type":"SearchAction","target":{"@type":"EntryPoint","urlTemplate":"https:\/\/www.fischer-weine.ch\/cms\/?s={search_term_string}"},"query-input":{"@type":"PropertyValueSpecification","valueRequired":true,"valueName":"search_term_string"}}],"inLanguage":"de"}]}},"_links":{"self":[{"href":"https:\/\/www.fischer-weine.ch\/cms\/wp-json\/wp\/v2\/pages\/593","targetHints":{"allow":["GET"]}}],"collection":[{"href":"https:\/\/www.fischer-weine.ch\/cms\/wp-json\/wp\/v2\/pages"}],"about":[{"href":"https:\/\/www.fischer-weine.ch\/cms\/wp-json\/wp\/v2\/types\/page"}],"author":[{"embeddable":true,"href":"https:\/\/www.fischer-weine.ch\/cms\/wp-json\/wp\/v2\/users\/1"}],"replies":[{"embeddable":true,"href":"https:\/\/www.fischer-weine.ch\/cms\/wp-json\/wp\/v2\/comments?post=593"}],"version-history":[{"count":10,"href":"https:\/\/www.fischer-weine.ch\/cms\/wp-json\/wp\/v2\/pages\/593\/revisions"}],"predecessor-version":[{"id":3632,"href":"https:\/\/www.fischer-weine.ch\/cms\/wp-json\/wp\/v2\/pages\/593\/revisions\/3632"}],"wp:featuredmedia":[{"embeddable":true,"href":"https:\/\/www.fischer-weine.ch\/cms\/wp-json\/wp\/v2\/media\/2125"}],"wp:attachment":[{"href":"https:\/\/www.fischer-weine.ch\/cms\/wp-json\/wp\/v2\/media?parent=593"}],"curies":[{"name":"wp","href":"https:\/\/api.w.org\/{rel}","templated":true}]}}