{"id":2254,"date":"2024-10-18T11:35:27","date_gmt":"2024-10-18T09:35:27","guid":{"rendered":"https:\/\/fischer-weine.nextag.ch\/cms\/?page_id=2254"},"modified":"2024-10-21T14:17:04","modified_gmt":"2024-10-21T12:17:04","slug":"passwort-zuruecksetzen","status":"publish","type":"page","link":"https:\/\/www.fischer-weine.ch\/cms\/passwort-zuruecksetzen\/","title":{"rendered":"Passwort zur\u00fccksetzen"},"content":{"rendered":"\n<h2 class=\"wp-block-heading\">Anleitung<\/h2>\n","protected":false},"excerpt":{"rendered":"<p>Anleitung<\/p>\n","protected":false},"author":2,"featured_media":0,"parent":0,"menu_order":0,"comment_status":"closed","ping_status":"closed","template":"","meta":{"_acf_changed":false,"inline_featured_image":false,"footnotes":""},"class_list":["post-2254","page","type-page","status-publish","hentry"],"acf":[],"yoast_head":"<!-- This site is optimized with the Yoast SEO plugin v27.4 - https:\/\/yoast.com\/product\/yoast-seo-wordpress\/ -->\n<title>Passwort zur\u00fccksetzen - Fischer Weine<\/title>\n<meta name=\"description\" content=\"Passwort zur\u00fccksetzen - Erlebe im sch\u00f6nen Ambiente unserer Weinhandlung oder an einem Ort deiner Wahl eine individuell auf dich zugeschnittene Weindegustation.\" \/>\n<meta name=\"robots\" content=\"index, follow, max-snippet:-1, max-image-preview:large, max-video-preview:-1\" \/>\n<link rel=\"canonical\" href=\"https:\/\/www.fischer-weine.ch\/cms\/passwort-zuruecksetzen\/\" \/>\n<meta property=\"og:locale\" content=\"de_DE\" \/>\n<meta property=\"og:type\" content=\"article\" \/>\n<meta property=\"og:title\" content=\"Passwort zur\u00fccksetzen - Fischer Weine\" \/>\n<meta property=\"og:description\" content=\"Passwort zur\u00fccksetzen - Erlebe im sch\u00f6nen Ambiente unserer Weinhandlung oder an einem Ort deiner Wahl eine individuell auf dich zugeschnittene Weindegustation.\" \/>\n<meta property=\"og:url\" content=\"https:\/\/www.fischer-weine.ch\/cms\/passwort-zuruecksetzen\/\" \/>\n<meta property=\"og:site_name\" content=\"Fischer Weine\" \/>\n<meta property=\"article:modified_time\" content=\"2024-10-21T12:17:04+00:00\" \/>\n<meta name=\"twitter:card\" content=\"summary_large_image\" \/>\n<meta name=\"twitter:label1\" content=\"Gesch\u00e4tzte Lesezeit\" \/>\n\t<meta name=\"twitter:data1\" content=\"1\u00a0Minute\" \/>\n<script type=\"application\/ld+json\" class=\"yoast-schema-graph\">{\"@context\":\"https:\\\/\\\/schema.org\",\"@graph\":[{\"@type\":\"WebPage\",\"@id\":\"https:\\\/\\\/www.fischer-weine.ch\\\/cms\\\/passwort-zuruecksetzen\\\/\",\"url\":\"https:\\\/\\\/www.fischer-weine.ch\\\/cms\\\/passwort-zuruecksetzen\\\/\",\"name\":\"Passwort zur\u00fccksetzen - Fischer Weine\",\"isPartOf\":{\"@id\":\"https:\\\/\\\/www.fischer-weine.ch\\\/cms\\\/#website\"},\"datePublished\":\"2024-10-18T09:35:27+00:00\",\"dateModified\":\"2024-10-21T12:17:04+00:00\",\"description\":\"Passwort zur\u00fccksetzen - Erlebe im sch\u00f6nen Ambiente unserer Weinhandlung oder an einem Ort deiner Wahl eine individuell auf dich zugeschnittene Weindegustation.\",\"breadcrumb\":{\"@id\":\"https:\\\/\\\/www.fischer-weine.ch\\\/cms\\\/passwort-zuruecksetzen\\\/#breadcrumb\"},\"inLanguage\":\"de\",\"potentialAction\":[{\"@type\":\"ReadAction\",\"target\":[\"https:\\\/\\\/www.fischer-weine.ch\\\/cms\\\/passwort-zuruecksetzen\\\/\"]}]},{\"@type\":\"BreadcrumbList\",\"@id\":\"https:\\\/\\\/www.fischer-weine.ch\\\/cms\\\/passwort-zuruecksetzen\\\/#breadcrumb\",\"itemListElement\":[{\"@type\":\"ListItem\",\"position\":1,\"name\":\"Home\",\"item\":\"https:\\\/\\\/www.fischer-weine.ch\\\/cms\\\/\"},{\"@type\":\"ListItem\",\"position\":2,\"name\":\"Passwort zur\u00fccksetzen\"}]},{\"@type\":\"WebSite\",\"@id\":\"https:\\\/\\\/www.fischer-weine.ch\\\/cms\\\/#website\",\"url\":\"https:\\\/\\\/www.fischer-weine.ch\\\/cms\\\/\",\"name\":\"Fischer Weine\",\"description\":\"\",\"potentialAction\":[{\"@type\":\"SearchAction\",\"target\":{\"@type\":\"EntryPoint\",\"urlTemplate\":\"https:\\\/\\\/www.fischer-weine.ch\\\/cms\\\/?s={search_term_string}\"},\"query-input\":{\"@type\":\"PropertyValueSpecification\",\"valueRequired\":true,\"valueName\":\"search_term_string\"}}],\"inLanguage\":\"de\"}]}<\/script>\n<!-- \/ Yoast SEO plugin. -->","yoast_head_json":{"title":"Passwort zur\u00fccksetzen - Fischer Weine","description":"Passwort zur\u00fccksetzen - Erlebe im sch\u00f6nen Ambiente unserer Weinhandlung oder an einem Ort deiner Wahl eine individuell auf dich zugeschnittene Weindegustation.","robots":{"index":"index","follow":"follow","max-snippet":"max-snippet:-1","max-image-preview":"max-image-preview:large","max-video-preview":"max-video-preview:-1"},"canonical":"https:\/\/www.fischer-weine.ch\/cms\/passwort-zuruecksetzen\/","og_locale":"de_DE","og_type":"article","og_title":"Passwort zur\u00fccksetzen - Fischer Weine","og_description":"Passwort zur\u00fccksetzen - Erlebe im sch\u00f6nen Ambiente unserer Weinhandlung oder an einem Ort deiner Wahl eine individuell auf dich zugeschnittene Weindegustation.","og_url":"https:\/\/www.fischer-weine.ch\/cms\/passwort-zuruecksetzen\/","og_site_name":"Fischer Weine","article_modified_time":"2024-10-21T12:17:04+00:00","twitter_card":"summary_large_image","twitter_misc":{"Gesch\u00e4tzte Lesezeit":"1\u00a0Minute"},"schema":{"@context":"https:\/\/schema.org","@graph":[{"@type":"WebPage","@id":"https:\/\/www.fischer-weine.ch\/cms\/passwort-zuruecksetzen\/","url":"https:\/\/www.fischer-weine.ch\/cms\/passwort-zuruecksetzen\/","name":"Passwort zur\u00fccksetzen - Fischer Weine","isPartOf":{"@id":"https:\/\/www.fischer-weine.ch\/cms\/#website"},"datePublished":"2024-10-18T09:35:27+00:00","dateModified":"2024-10-21T12:17:04+00:00","description":"Passwort zur\u00fccksetzen - Erlebe im sch\u00f6nen Ambiente unserer Weinhandlung oder an einem Ort deiner Wahl eine individuell auf dich zugeschnittene Weindegustation.","breadcrumb":{"@id":"https:\/\/www.fischer-weine.ch\/cms\/passwort-zuruecksetzen\/#breadcrumb"},"inLanguage":"de","potentialAction":[{"@type":"ReadAction","target":["https:\/\/www.fischer-weine.ch\/cms\/passwort-zuruecksetzen\/"]}]},{"@type":"BreadcrumbList","@id":"https:\/\/www.fischer-weine.ch\/cms\/passwort-zuruecksetzen\/#breadcrumb","itemListElement":[{"@type":"ListItem","position":1,"name":"Home","item":"https:\/\/www.fischer-weine.ch\/cms\/"},{"@type":"ListItem","position":2,"name":"Passwort zur\u00fccksetzen"}]},{"@type":"WebSite","@id":"https:\/\/www.fischer-weine.ch\/cms\/#website","url":"https:\/\/www.fischer-weine.ch\/cms\/","name":"Fischer Weine","description":"","potentialAction":[{"@type":"SearchAction","target":{"@type":"EntryPoint","urlTemplate":"https:\/\/www.fischer-weine.ch\/cms\/?s={search_term_string}"},"query-input":{"@type":"PropertyValueSpecification","valueRequired":true,"valueName":"search_term_string"}}],"inLanguage":"de"}]}},"_links":{"self":[{"href":"https:\/\/www.fischer-weine.ch\/cms\/wp-json\/wp\/v2\/pages\/2254","targetHints":{"allow":["GET"]}}],"collection":[{"href":"https:\/\/www.fischer-weine.ch\/cms\/wp-json\/wp\/v2\/pages"}],"about":[{"href":"https:\/\/www.fischer-weine.ch\/cms\/wp-json\/wp\/v2\/types\/page"}],"author":[{"embeddable":true,"href":"https:\/\/www.fischer-weine.ch\/cms\/wp-json\/wp\/v2\/users\/2"}],"replies":[{"embeddable":true,"href":"https:\/\/www.fischer-weine.ch\/cms\/wp-json\/wp\/v2\/comments?post=2254"}],"version-history":[{"count":13,"href":"https:\/\/www.fischer-weine.ch\/cms\/wp-json\/wp\/v2\/pages\/2254\/revisions"}],"predecessor-version":[{"id":2289,"href":"https:\/\/www.fischer-weine.ch\/cms\/wp-json\/wp\/v2\/pages\/2254\/revisions\/2289"}],"wp:attachment":[{"href":"https:\/\/www.fischer-weine.ch\/cms\/wp-json\/wp\/v2\/media?parent=2254"}],"curies":[{"name":"wp","href":"https:\/\/api.w.org\/{rel}","templated":true}]}}